{"id":413,"date":"2024-08-29T19:00:05","date_gmt":"2024-08-29T19:00:05","guid":{"rendered":"https:\/\/info.sociescuela.es\/?page_id=413"},"modified":"2024-09-04T16:11:51","modified_gmt":"2024-09-04T16:11:51","slug":"test-de-convivencia-escolar","status":"publish","type":"page","link":"https:\/\/info.sociescuela.es\/index.php\/test-de-convivencia-escolar\/","title":{"rendered":"Sociescuela"},"content":{"rendered":"\n<div id=\"wp-block-themeisle-blocks-advanced-columns-5dad9f95\" class=\"wp-block-themeisle-blocks-advanced-columns has-1-columns has-desktop-equal-layout has-tablet-equal-layout has-mobile-equal-layout has-vertical-unset\"><div class=\"wp-block-themeisle-blocks-advanced-columns-overlay\"><\/div><div class=\"innerblocks-wrap\">\n<div id=\"wp-block-themeisle-blocks-advanced-column-04c52c88\" class=\"wp-block-themeisle-blocks-advanced-column\">\n<p>El objetivo es ofrecer una herramienta que permite el diagn\u00f3stico del clima social y de convivencia de los centros educativos, detecci\u00f3n temprana y casos consolidados, plantear una intervenci\u00f3n a partir de la detecci\u00f3n. Se basa en 3 pilares principales de obtenci\u00f3n de informaci\u00f3n: Sociograma del grupo de clase, autoinforme y heteroinforme. <\/p>\n\n\n\n<p>Con los datos recogidos podemos obtener una imagen del estado actual de la convivencia dentro del aula evaluada. Ofreciendo al profesorado responsable no solo la informaci\u00f3n completa de las relaciones en el aula, sino tambi\u00e9n, la informaci\u00f3n pormenorizada de cada uno de los alumnos.<\/p>\n\n\n<div class=\"wp-block-image\">\n<figure class=\"aligncenter size-large is-resized\"><img loading=\"lazy\" decoding=\"async\" width=\"1024\" height=\"663\" src=\"https:\/\/info.sociescuela.es\/wp-content\/uploads\/2024\/09\/image-1024x663.png\" alt=\"Imagen de sociograma generado por sociescuela.\" class=\"wp-image-485\" style=\"width:570px;height:auto\" srcset=\"https:\/\/info.sociescuela.es\/wp-content\/uploads\/2024\/09\/image-1024x663.png 1024w, https:\/\/info.sociescuela.es\/wp-content\/uploads\/2024\/09\/image-300x194.png 300w, https:\/\/info.sociescuela.es\/wp-content\/uploads\/2024\/09\/image-768x497.png 768w, https:\/\/info.sociescuela.es\/wp-content\/uploads\/2024\/09\/image-1536x994.png 1536w, https:\/\/info.sociescuela.es\/wp-content\/uploads\/2024\/09\/image.png 1683w\" sizes=\"auto, (max-width: 1024px) 100vw, 1024px\" \/><\/figure>\n<\/div>\n\n\n<h2 class=\"wp-block-heading\">\u00bfQu\u00e9 ventajas tiene Sociescuela?<\/h2>\n\n\n\n<p>Sociescuela proporciona diversas ventajas que el profesorado puede explotar, en conjunto o por separado. La ventaja principal es que se ha mostrado, mediante varios estudios publicados, como una <strong>herramienta adecuada para la detenci\u00f3n y prevenci\u00f3n del acoso escolar<\/strong>. <strong>El tiempo de aplicaci\u00f3n es de apenas 15 minutos<\/strong> y la correcci\u00f3n es autom\u00e1tica. Ofrece como resultados el <a href=\"https:\/\/info.sociescuela.es\/index.php\/2023\/08\/18\/que-es-un-sociograma\/\">sociograma<\/a> completo del aula evaluada, una recomendaci\u00f3n de distribuci\u00f3n del aula a partir de la creaci\u00f3n de grupos de ayuda, un informe general del grupo, colocaci\u00f3n en el aula e informes individuales.<\/p>\n\n\n\n<h2 class=\"wp-block-heading\">\u00bfC\u00f3mo puedo conseguir acceso a Sociescuela?<\/h2>\n\n\n\n<p>Los centros educativos pertenecientes a las Comunidades Aut\u00f3nomas y asociaciones suscritas al proyecto tiene acceso gratuito a la plataforma Sociescuela. Los centros no pertenecientes que quieran tener acceso a la plataforma pueden consultar los precios aqu\u00ed. Para cualquier duda en la suscripci\u00f3n puede contactar a trav\u00e9s del siguiente correo: ayuda@sociescuela.es<\/p>\n<\/div>\n<\/div><\/div>\n\n\n\n<div id=\"wp-block-themeisle-blocks-advanced-columns-015b71af\" class=\"wp-block-themeisle-blocks-advanced-columns has-1-columns has-desktop-equal-layout has-tablet-equal-layout has-mobile-equal-layout has-vertical-unset\"><div class=\"wp-block-themeisle-blocks-advanced-columns-overlay\"><\/div><div class=\"innerblocks-wrap\">\n<section id=\"wp-block-themeisle-blocks-advanced-column-c1bde59a\" class=\"wp-block-themeisle-blocks-advanced-column\"><div class=\"wp-block-themeisle-blocks-posts-grid\" id=\"wp-block-themeisle-blocks-posts-grid-e87e92ee\"><div class=\"is-grid o-posts-grid-columns-2\"><div class=\"o-posts-grid-post-blog o-posts-grid-post-plain\"><div class=\"o-posts-grid-post\"><div class=\"o-posts-grid-post-image\"><a href=\"https:\/\/info.sociescuela.es\/index.php\/2023\/08\/18\/que-es-un-sociograma\/\"><img loading=\"lazy\" decoding=\"async\" width=\"1024\" height=\"1024\" src=\"https:\/\/info.sociescuela.es\/wp-content\/uploads\/2023\/08\/4446a489-c4d4-499c-869e-c7c4bdf9a133.jpeg\" class=\"attachment-full size-full\" alt=\"\u00bfQu\u00e9 es un sociograma?\" srcset=\"https:\/\/info.sociescuela.es\/wp-content\/uploads\/2023\/08\/4446a489-c4d4-499c-869e-c7c4bdf9a133.jpeg 1024w, https:\/\/info.sociescuela.es\/wp-content\/uploads\/2023\/08\/4446a489-c4d4-499c-869e-c7c4bdf9a133-300x300.jpeg 300w, https:\/\/info.sociescuela.es\/wp-content\/uploads\/2023\/08\/4446a489-c4d4-499c-869e-c7c4bdf9a133-150x150.jpeg 150w, https:\/\/info.sociescuela.es\/wp-content\/uploads\/2023\/08\/4446a489-c4d4-499c-869e-c7c4bdf9a133-768x768.jpeg 768w\" sizes=\"auto, (max-width: 1024px) 100vw, 1024px\" \/><\/a><\/div><div class=\"o-posts-grid-post-body\"><h4 class=\"o-posts-grid-post-title\"><a href=\"https:\/\/info.sociescuela.es\/index.php\/2023\/08\/18\/que-es-un-sociograma\/\">\u00bfQu\u00e9 es un sociograma?<\/a><\/h4><p class=\"o-posts-grid-post-meta\">Publicado el <time datetime=\"2023-08-18T08:16:30+00:00\">agosto 18, 2023<\/time> <\/p><div class=\"o-posts-grid-post-description\"><p>Ventajas del sociograma Inconveniente de un sociograma<\/p><\/div><\/div><\/div><\/div><\/div> <\/div><\/section>\n<\/div><\/div>\n","protected":false},"excerpt":{"rendered":"","protected":false},"author":3,"featured_media":0,"parent":0,"menu_order":0,"comment_status":"closed","ping_status":"closed","template":"","meta":{"_uag_custom_page_level_css":"","neve_meta_sidebar":"","neve_meta_container":"","neve_meta_enable_content_width":"","neve_meta_content_width":0,"neve_meta_title_alignment":"","neve_meta_author_avatar":"","neve_post_elements_order":"","neve_meta_disable_header":"","neve_meta_disable_footer":"","neve_meta_disable_title":"","_themeisle_gutenberg_block_has_review":false,"_ti_tpc_template_sync":false,"_ti_tpc_template_id":"","footnotes":""},"class_list":["post-413","page","type-page","status-publish","hentry"],"yoast_head":"<!-- This site is optimized with the Yoast SEO plugin v23.4 - https:\/\/yoast.com\/wordpress\/plugins\/seo\/ -->\n<title>Sociescuela - SOCIESCUELA<\/title>\n<meta name=\"robots\" content=\"index, follow, max-snippet:-1, max-image-preview:large, max-video-preview:-1\" \/>\n<link rel=\"canonical\" href=\"https:\/\/info.sociescuela.es\/index.php\/test-de-convivencia-escolar\/\" \/>\n<meta property=\"og:locale\" content=\"es_ES\" \/>\n<meta property=\"og:type\" content=\"article\" \/>\n<meta property=\"og:title\" content=\"Sociescuela - SOCIESCUELA\" \/>\n<meta property=\"og:url\" content=\"https:\/\/info.sociescuela.es\/index.php\/test-de-convivencia-escolar\/\" \/>\n<meta property=\"og:site_name\" content=\"SOCIESCUELA\" \/>\n<meta property=\"article:modified_time\" content=\"2024-09-04T16:11:51+00:00\" \/>\n<meta property=\"og:image\" content=\"https:\/\/info.sociescuela.es\/wp-content\/uploads\/2024\/09\/image-1024x663.png\" \/>\n<meta name=\"twitter:card\" content=\"summary_large_image\" \/>\n<meta name=\"twitter:label1\" content=\"Tiempo de lectura\" \/>\n\t<meta name=\"twitter:data1\" content=\"2 minutos\" \/>\n<script type=\"application\/ld+json\" class=\"yoast-schema-graph\">{\"@context\":\"https:\/\/schema.org\",\"@graph\":[{\"@type\":\"WebPage\",\"@id\":\"https:\/\/info.sociescuela.es\/index.php\/test-de-convivencia-escolar\/\",\"url\":\"https:\/\/info.sociescuela.es\/index.php\/test-de-convivencia-escolar\/\",\"name\":\"Sociescuela - SOCIESCUELA\",\"isPartOf\":{\"@id\":\"https:\/\/info.sociescuela.es\/#website\"},\"primaryImageOfPage\":{\"@id\":\"https:\/\/info.sociescuela.es\/index.php\/test-de-convivencia-escolar\/#primaryimage\"},\"image\":{\"@id\":\"https:\/\/info.sociescuela.es\/index.php\/test-de-convivencia-escolar\/#primaryimage\"},\"thumbnailUrl\":\"https:\/\/info.sociescuela.es\/wp-content\/uploads\/2024\/09\/image-1024x663.png\",\"datePublished\":\"2024-08-29T19:00:05+00:00\",\"dateModified\":\"2024-09-04T16:11:51+00:00\",\"breadcrumb\":{\"@id\":\"https:\/\/info.sociescuela.es\/index.php\/test-de-convivencia-escolar\/#breadcrumb\"},\"inLanguage\":\"es\",\"potentialAction\":[{\"@type\":\"ReadAction\",\"target\":[\"https:\/\/info.sociescuela.es\/index.php\/test-de-convivencia-escolar\/\"]}]},{\"@type\":\"ImageObject\",\"inLanguage\":\"es\",\"@id\":\"https:\/\/info.sociescuela.es\/index.php\/test-de-convivencia-escolar\/#primaryimage\",\"url\":\"https:\/\/info.sociescuela.es\/wp-content\/uploads\/2024\/09\/image.png\",\"contentUrl\":\"https:\/\/info.sociescuela.es\/wp-content\/uploads\/2024\/09\/image.png\",\"width\":1683,\"height\":1089},{\"@type\":\"BreadcrumbList\",\"@id\":\"https:\/\/info.sociescuela.es\/index.php\/test-de-convivencia-escolar\/#breadcrumb\",\"itemListElement\":[{\"@type\":\"ListItem\",\"position\":1,\"name\":\"Portada\",\"item\":\"https:\/\/info.sociescuela.es\/\"},{\"@type\":\"ListItem\",\"position\":2,\"name\":\"Sociescuela\"}]},{\"@type\":\"WebSite\",\"@id\":\"https:\/\/info.sociescuela.es\/#website\",\"url\":\"https:\/\/info.sociescuela.es\/\",\"name\":\"SOCIESCUELA\",\"description\":\"\",\"publisher\":{\"@id\":\"https:\/\/info.sociescuela.es\/#organization\"},\"potentialAction\":[{\"@type\":\"SearchAction\",\"target\":{\"@type\":\"EntryPoint\",\"urlTemplate\":\"https:\/\/info.sociescuela.es\/?s={search_term_string}\"},\"query-input\":{\"@type\":\"PropertyValueSpecification\",\"valueRequired\":true,\"valueName\":\"search_term_string\"}}],\"inLanguage\":\"es\"},{\"@type\":\"Organization\",\"@id\":\"https:\/\/info.sociescuela.es\/#organization\",\"name\":\"SOCIESCUELA\",\"url\":\"https:\/\/info.sociescuela.es\/\",\"logo\":{\"@type\":\"ImageObject\",\"inLanguage\":\"es\",\"@id\":\"https:\/\/info.sociescuela.es\/#\/schema\/logo\/image\/\",\"url\":\"\",\"contentUrl\":\"\",\"caption\":\"SOCIESCUELA\"},\"image\":{\"@id\":\"https:\/\/info.sociescuela.es\/#\/schema\/logo\/image\/\"}}]}<\/script>\n<!-- \/ Yoast SEO plugin. -->","yoast_head_json":{"title":"Sociescuela - SOCIESCUELA","robots":{"index":"index","follow":"follow","max-snippet":"max-snippet:-1","max-image-preview":"max-image-preview:large","max-video-preview":"max-video-preview:-1"},"canonical":"https:\/\/info.sociescuela.es\/index.php\/test-de-convivencia-escolar\/","og_locale":"es_ES","og_type":"article","og_title":"Sociescuela - SOCIESCUELA","og_url":"https:\/\/info.sociescuela.es\/index.php\/test-de-convivencia-escolar\/","og_site_name":"SOCIESCUELA","article_modified_time":"2024-09-04T16:11:51+00:00","og_image":[{"url":"https:\/\/info.sociescuela.es\/wp-content\/uploads\/2024\/09\/image-1024x663.png"}],"twitter_card":"summary_large_image","twitter_misc":{"Tiempo de lectura":"2 minutos"},"schema":{"@context":"https:\/\/schema.org","@graph":[{"@type":"WebPage","@id":"https:\/\/info.sociescuela.es\/index.php\/test-de-convivencia-escolar\/","url":"https:\/\/info.sociescuela.es\/index.php\/test-de-convivencia-escolar\/","name":"Sociescuela - SOCIESCUELA","isPartOf":{"@id":"https:\/\/info.sociescuela.es\/#website"},"primaryImageOfPage":{"@id":"https:\/\/info.sociescuela.es\/index.php\/test-de-convivencia-escolar\/#primaryimage"},"image":{"@id":"https:\/\/info.sociescuela.es\/index.php\/test-de-convivencia-escolar\/#primaryimage"},"thumbnailUrl":"https:\/\/info.sociescuela.es\/wp-content\/uploads\/2024\/09\/image-1024x663.png","datePublished":"2024-08-29T19:00:05+00:00","dateModified":"2024-09-04T16:11:51+00:00","breadcrumb":{"@id":"https:\/\/info.sociescuela.es\/index.php\/test-de-convivencia-escolar\/#breadcrumb"},"inLanguage":"es","potentialAction":[{"@type":"ReadAction","target":["https:\/\/info.sociescuela.es\/index.php\/test-de-convivencia-escolar\/"]}]},{"@type":"ImageObject","inLanguage":"es","@id":"https:\/\/info.sociescuela.es\/index.php\/test-de-convivencia-escolar\/#primaryimage","url":"https:\/\/info.sociescuela.es\/wp-content\/uploads\/2024\/09\/image.png","contentUrl":"https:\/\/info.sociescuela.es\/wp-content\/uploads\/2024\/09\/image.png","width":1683,"height":1089},{"@type":"BreadcrumbList","@id":"https:\/\/info.sociescuela.es\/index.php\/test-de-convivencia-escolar\/#breadcrumb","itemListElement":[{"@type":"ListItem","position":1,"name":"Portada","item":"https:\/\/info.sociescuela.es\/"},{"@type":"ListItem","position":2,"name":"Sociescuela"}]},{"@type":"WebSite","@id":"https:\/\/info.sociescuela.es\/#website","url":"https:\/\/info.sociescuela.es\/","name":"SOCIESCUELA","description":"","publisher":{"@id":"https:\/\/info.sociescuela.es\/#organization"},"potentialAction":[{"@type":"SearchAction","target":{"@type":"EntryPoint","urlTemplate":"https:\/\/info.sociescuela.es\/?s={search_term_string}"},"query-input":{"@type":"PropertyValueSpecification","valueRequired":true,"valueName":"search_term_string"}}],"inLanguage":"es"},{"@type":"Organization","@id":"https:\/\/info.sociescuela.es\/#organization","name":"SOCIESCUELA","url":"https:\/\/info.sociescuela.es\/","logo":{"@type":"ImageObject","inLanguage":"es","@id":"https:\/\/info.sociescuela.es\/#\/schema\/logo\/image\/","url":"","contentUrl":"","caption":"SOCIESCUELA"},"image":{"@id":"https:\/\/info.sociescuela.es\/#\/schema\/logo\/image\/"}}]}},"jetpack_sharing_enabled":true,"uagb_featured_image_src":{"full":false,"thumbnail":false,"medium":false,"medium_large":false,"large":false,"1536x1536":false,"2048x2048":false,"neve-blog":false},"uagb_author_info":{"display_name":"Miguel A. Huete","author_link":"https:\/\/info.sociescuela.es\/index.php\/author\/mahuete\/"},"uagb_comment_info":0,"uagb_excerpt":null,"_links":{"self":[{"href":"https:\/\/info.sociescuela.es\/index.php\/wp-json\/wp\/v2\/pages\/413","targetHints":{"allow":["GET"]}}],"collection":[{"href":"https:\/\/info.sociescuela.es\/index.php\/wp-json\/wp\/v2\/pages"}],"about":[{"href":"https:\/\/info.sociescuela.es\/index.php\/wp-json\/wp\/v2\/types\/page"}],"author":[{"embeddable":true,"href":"https:\/\/info.sociescuela.es\/index.php\/wp-json\/wp\/v2\/users\/3"}],"replies":[{"embeddable":true,"href":"https:\/\/info.sociescuela.es\/index.php\/wp-json\/wp\/v2\/comments?post=413"}],"version-history":[{"count":10,"href":"https:\/\/info.sociescuela.es\/index.php\/wp-json\/wp\/v2\/pages\/413\/revisions"}],"predecessor-version":[{"id":486,"href":"https:\/\/info.sociescuela.es\/index.php\/wp-json\/wp\/v2\/pages\/413\/revisions\/486"}],"wp:attachment":[{"href":"https:\/\/info.sociescuela.es\/index.php\/wp-json\/wp\/v2\/media?parent=413"}],"curies":[{"name":"wp","href":"https:\/\/api.w.org\/{rel}","templated":true}]}}