{"id":468,"date":"2024-09-02T15:48:04","date_gmt":"2024-09-02T15:48:04","guid":{"rendered":"https:\/\/info.sociescuela.es\/?page_id=468"},"modified":"2024-09-14T17:15:18","modified_gmt":"2024-09-14T17:15:18","slug":"screening-salud-mental","status":"publish","type":"page","link":"https:\/\/info.sociescuela.es\/index.php\/screening-salud-mental\/","title":{"rendered":"Screening Sociescuela"},"content":{"rendered":"<div class=\"wp-block-image\">\n<figure class=\"alignright size-full is-resized\"><img loading=\"lazy\" decoding=\"async\" width=\"1024\" height=\"1024\" src=\"https:\/\/info.sociescuela.es\/wp-content\/uploads\/2024\/09\/screening.jpeg\" alt=\"Muestra un especialista en salud mental montando un puzzle en forma de cerebro\" class=\"wp-image-514\" style=\"width:313px;height:auto\" srcset=\"https:\/\/info.sociescuela.es\/wp-content\/uploads\/2024\/09\/screening.jpeg 1024w, https:\/\/info.sociescuela.es\/wp-content\/uploads\/2024\/09\/screening-300x300.jpeg 300w, https:\/\/info.sociescuela.es\/wp-content\/uploads\/2024\/09\/screening-150x150.jpeg 150w, https:\/\/info.sociescuela.es\/wp-content\/uploads\/2024\/09\/screening-768x768.jpeg 768w\" sizes=\"auto, (max-width: 1024px) 100vw, 1024px\" \/><\/figure>\n<\/div>\n\n\n<p>Dada la necesidades de la poblaci\u00f3n infanto-juvenil actuales, hemos desarrollado un cuestionario de <a href=\"https:\/\/info.sociescuela.es\/index.php\/2024\/09\/02\/que-es-un-test-screening\/\">Screening<\/a> sobre salud mental. Dicho screening no constituye un test diagn\u00f3stico, sino una <a href=\"http:\/\/sociescuela.es\">herramienta de apoyo a modo cribaje<\/a> para detectar posibles situaciones de riesgo. Los resultados de esta herramienta permitir\u00edan realizar un chequeo sobre 16 factores de ajuste psicol\u00f3gico y facilitar un tipo de informaci\u00f3n de apoyo para, seg\u00fan el criterio del Departamento de Orientaci\u00f3n, seleccionar y adoptar el tipo de respuesta m\u00e1s adecuada.<\/p>\n\n\n\n<p>La duraci\u00f3n media de la prueba es de 20 minutos.&nbsp;Una vez aplicada, se obtienen de un modo autom\u00e1tico los resultados del alumnado, mediante percentiles y agrupaci\u00f3n de los factores en cuatro grandes grupos (externalizaci\u00f3n, internalizaci\u00f3n, dificultades con la alimentaci\u00f3n y utilizaci\u00f3n problem\u00e1tica de nuevas tecnolog\u00edas). Para su aplicaci\u00f3n en alumnado menor de 18 a\u00f1os, es necesario obtener la autorizaci\u00f3n familiar. El c\u00e1lculo y presentaci\u00f3n de los percentiles se basa en el mismo sexo y etapa educativa (primaria, secundaria) al que pertenece el alumnado que completa la prueba.<\/p>\n\n\n\n<h2 class=\"wp-block-heading\">Los factores analizados en el screening de salud mental son:<\/h2>\n\n\n\n<div id=\"wp-block-themeisle-blocks-advanced-columns-88b1a065\" class=\"wp-block-themeisle-blocks-advanced-columns has-2-columns has-desktop-equal-layout has-tablet-equal-layout has-mobile-collapsedRows-layout has-vertical-unset\"><div class=\"wp-block-themeisle-blocks-advanced-columns-overlay\"><\/div><div class=\"innerblocks-wrap\">\n<div id=\"wp-block-themeisle-blocks-advanced-column-65b1ad83\" class=\"wp-block-themeisle-blocks-advanced-column\">\n<div class=\"wp-block-group is-vertical is-layout-flex wp-container-core-group-is-layout-8cf370e7 wp-block-group-is-layout-flex\">\n<h3 class=\"wp-block-heading\"><strong><em>Internalizaci\u00f3n<\/em>&nbsp;(6 factores):<\/strong><\/h3>\n\n\n\n<ul class=\"wp-block-list\">\n<li>Desesperanza<\/li>\n\n\n\n<li>Ansiedad<\/li>\n\n\n\n<li>Depresi\u00f3n<\/li>\n\n\n\n<li>Autoestima<\/li>\n\n\n\n<li>Retraimiento<\/li>\n\n\n\n<li>Somatizaci\u00f3n<\/li>\n<\/ul>\n<\/div>\n<\/div>\n\n\n\n<div id=\"wp-block-themeisle-blocks-advanced-column-e83c78e4\" class=\"wp-block-themeisle-blocks-advanced-column\">\n<div class=\"wp-block-group is-vertical is-layout-flex wp-container-core-group-is-layout-8cf370e7 wp-block-group-is-layout-flex\">\n<h3 class=\"wp-block-heading\"><strong><em>Externalizaci\u00f3n<\/em>&nbsp;(4 factores):<\/strong><\/h3>\n\n\n\n<ul class=\"wp-block-list\">\n<li>Impulsividad-Hiperactividad<\/li>\n\n\n\n<li>D\u00e9ficit de atenci\u00f3n<\/li>\n\n\n\n<li>Disocial<\/li>\n\n\n\n<li>Oposicionismo-Desafiante<\/li>\n<\/ul>\n<\/div>\n<\/div>\n<\/div><\/div>\n\n\n\n<div id=\"wp-block-themeisle-blocks-advanced-columns-7327eb15\" class=\"wp-block-themeisle-blocks-advanced-columns has-2-columns has-desktop-equal-layout has-tablet-equal-layout has-mobile-collapsedRows-layout has-vertical-unset\"><div class=\"wp-block-themeisle-blocks-advanced-columns-overlay\"><\/div><div class=\"innerblocks-wrap\">\n<div id=\"wp-block-themeisle-blocks-advanced-column-d3a277f8\" class=\"wp-block-themeisle-blocks-advanced-column\">\n<div class=\"wp-block-group is-vertical is-layout-flex wp-container-core-group-is-layout-8cf370e7 wp-block-group-is-layout-flex\">\n<h3 class=\"wp-block-heading\"><strong>Dificultades con la alimentaci\u00f3n&nbsp;(3 factores):<\/strong><\/h3>\n\n\n\n<ul class=\"wp-block-list\">\n<li>P\u00e9rdida de control con la comida<\/li>\n\n\n\n<li>Preocupaci\u00f3n por el aspecto f\u00edsico<\/li>\n\n\n\n<li>Perfeccionismo<\/li>\n<\/ul>\n<\/div>\n<\/div>\n\n\n\n<div id=\"wp-block-themeisle-blocks-advanced-column-e787d30a\" class=\"wp-block-themeisle-blocks-advanced-column\">\n<div class=\"wp-block-group is-vertical is-layout-flex wp-container-core-group-is-layout-8cf370e7 wp-block-group-is-layout-flex\">\n<h3 class=\"wp-block-heading\"><strong>Uso problem\u00e1tico de nuevas tecnolog\u00edas&nbsp;(3 factores):<\/strong><\/h3>\n\n\n\n<ul class=\"wp-block-list\">\n<li>Riesgo en internet<\/li>\n\n\n\n<li>Videojuegos<\/li>\n\n\n\n<li>Redes sociales<\/li>\n<\/ul>\n<\/div>\n<\/div>\n<\/div><\/div>\n\n\n<ul class=\"wp-block-latest-posts__list wp-block-latest-posts\"><li><div class=\"wp-block-latest-posts__featured-image\"><img loading=\"lazy\" decoding=\"async\" width=\"150\" height=\"150\" src=\"https:\/\/info.sociescuela.es\/wp-content\/uploads\/2024\/09\/cientifico-buscando-150x150.jpeg\" class=\"attachment-thumbnail size-thumbnail wp-post-image\" alt=\"Un cient\u00edfico buscando con una lupa en una caja de pelotas\" style=\"\" srcset=\"https:\/\/info.sociescuela.es\/wp-content\/uploads\/2024\/09\/cientifico-buscando-150x150.jpeg 150w, https:\/\/info.sociescuela.es\/wp-content\/uploads\/2024\/09\/cientifico-buscando-300x300.jpeg 300w, https:\/\/info.sociescuela.es\/wp-content\/uploads\/2024\/09\/cientifico-buscando-768x768.jpeg 768w, https:\/\/info.sociescuela.es\/wp-content\/uploads\/2024\/09\/cientifico-buscando.jpeg 1024w\" sizes=\"auto, (max-width: 150px) 100vw, 150px\" \/><\/div><a class=\"wp-block-latest-posts__post-title\" href=\"https:\/\/info.sociescuela.es\/index.php\/2024\/09\/02\/que-es-un-test-screening\/\">\u00bfQu\u00e9 es un screening en psicolog\u00eda?<\/a><div class=\"wp-block-latest-posts__post-excerpt\">El screening en psicolog\u00eda es un proceso de evaluaci\u00f3n inicial que se utiliza para identificar posibles problemas de salud mental en una persona. Estos test son herramientas breves y estandarizadas que permiten detectar s\u00edntomas o signos de trastornos psicol\u00f3gicos, como la depresi\u00f3n, la ansiedad o el trastorno por d\u00e9ficit de atenci\u00f3n e hiperactividad (TDAH). El&hellip;&nbsp;<a href=\"https:\/\/info.sociescuela.es\/index.php\/2024\/09\/02\/que-es-un-test-screening\/\" class=\"\" rel=\"bookmark\">Leer m\u00e1s &raquo;<span class=\"screen-reader-text\">\u00bfQu\u00e9 es un screening en psicolog\u00eda?<\/span><\/a><\/div><\/li>\n<\/ul>","protected":false},"excerpt":{"rendered":"<p>Dada la necesidades de la poblaci\u00f3n infanto-juvenil actuales, hemos desarrollado un cuestionario de Screening sobre salud mental. Dicho screening no constituye un test diagn\u00f3stico, sino una herramienta de apoyo a modo cribaje para detectar posibles situaciones de riesgo. Los resultados de esta herramienta permitir\u00edan realizar un chequeo sobre 16 factores de ajuste psicol\u00f3gico y facilitar&hellip;&nbsp;<a href=\"https:\/\/info.sociescuela.es\/index.php\/screening-salud-mental\/\" class=\"\" rel=\"bookmark\">Leer m\u00e1s &raquo;<span class=\"screen-reader-text\">Screening Sociescuela<\/span><\/a><\/p>\n","protected":false},"author":3,"featured_media":514,"parent":0,"menu_order":0,"comment_status":"closed","ping_status":"closed","template":"","meta":{"_uag_custom_page_level_css":"","neve_meta_sidebar":"","neve_meta_container":"","neve_meta_enable_content_width":"","neve_meta_content_width":0,"neve_meta_title_alignment":"","neve_meta_author_avatar":"","neve_post_elements_order":"","neve_meta_disable_header":"","neve_meta_disable_footer":"","neve_meta_disable_title":"","_themeisle_gutenberg_block_has_review":false,"_ti_tpc_template_sync":false,"_ti_tpc_template_id":"","footnotes":""},"class_list":["post-468","page","type-page","status-publish","has-post-thumbnail","hentry"],"yoast_head":"<!-- This site is optimized with the Yoast SEO plugin v23.4 - https:\/\/yoast.com\/wordpress\/plugins\/seo\/ -->\n<title>Screening Sociescuela - SOCIESCUELA<\/title>\n<meta name=\"description\" content=\"Test de screening salud mental Sociescuela. Eval\u00faa 4 grandes bloques internalizaci\u00f3n, externalizaci\u00f3n, nuevas tecnolog\u00edas y alimentaci\u00f3n.\" \/>\n<meta name=\"robots\" content=\"index, follow, max-snippet:-1, max-image-preview:large, max-video-preview:-1\" \/>\n<link rel=\"canonical\" href=\"https:\/\/info.sociescuela.es\/index.php\/screening-salud-mental\/\" \/>\n<meta property=\"og:locale\" content=\"es_ES\" \/>\n<meta property=\"og:type\" content=\"article\" \/>\n<meta property=\"og:title\" content=\"Screening Sociescuela - SOCIESCUELA\" \/>\n<meta property=\"og:description\" content=\"Test de screening salud mental Sociescuela. Eval\u00faa 4 grandes bloques internalizaci\u00f3n, externalizaci\u00f3n, nuevas tecnolog\u00edas y alimentaci\u00f3n.\" \/>\n<meta property=\"og:url\" content=\"https:\/\/info.sociescuela.es\/index.php\/screening-salud-mental\/\" \/>\n<meta property=\"og:site_name\" content=\"SOCIESCUELA\" \/>\n<meta property=\"article:modified_time\" content=\"2024-09-14T17:15:18+00:00\" \/>\n<meta property=\"og:image\" content=\"https:\/\/info.sociescuela.es\/wp-content\/uploads\/2024\/09\/screening.jpeg\" \/>\n\t<meta property=\"og:image:width\" content=\"1024\" \/>\n\t<meta property=\"og:image:height\" content=\"1024\" \/>\n\t<meta property=\"og:image:type\" content=\"image\/jpeg\" \/>\n<meta name=\"twitter:card\" content=\"summary_large_image\" \/>\n<meta name=\"twitter:label1\" content=\"Tiempo de lectura\" \/>\n\t<meta name=\"twitter:data1\" content=\"2 minutos\" \/>\n<script type=\"application\/ld+json\" class=\"yoast-schema-graph\">{\"@context\":\"https:\/\/schema.org\",\"@graph\":[{\"@type\":\"WebPage\",\"@id\":\"https:\/\/info.sociescuela.es\/index.php\/screening-salud-mental\/\",\"url\":\"https:\/\/info.sociescuela.es\/index.php\/screening-salud-mental\/\",\"name\":\"Screening Sociescuela - SOCIESCUELA\",\"isPartOf\":{\"@id\":\"https:\/\/info.sociescuela.es\/#website\"},\"primaryImageOfPage\":{\"@id\":\"https:\/\/info.sociescuela.es\/index.php\/screening-salud-mental\/#primaryimage\"},\"image\":{\"@id\":\"https:\/\/info.sociescuela.es\/index.php\/screening-salud-mental\/#primaryimage\"},\"thumbnailUrl\":\"https:\/\/info.sociescuela.es\/wp-content\/uploads\/2024\/09\/screening.jpeg\",\"datePublished\":\"2024-09-02T15:48:04+00:00\",\"dateModified\":\"2024-09-14T17:15:18+00:00\",\"description\":\"Test de screening salud mental Sociescuela. Eval\u00faa 4 grandes bloques internalizaci\u00f3n, externalizaci\u00f3n, nuevas tecnolog\u00edas y alimentaci\u00f3n.\",\"breadcrumb\":{\"@id\":\"https:\/\/info.sociescuela.es\/index.php\/screening-salud-mental\/#breadcrumb\"},\"inLanguage\":\"es\",\"potentialAction\":[{\"@type\":\"ReadAction\",\"target\":[\"https:\/\/info.sociescuela.es\/index.php\/screening-salud-mental\/\"]}]},{\"@type\":\"ImageObject\",\"inLanguage\":\"es\",\"@id\":\"https:\/\/info.sociescuela.es\/index.php\/screening-salud-mental\/#primaryimage\",\"url\":\"https:\/\/info.sociescuela.es\/wp-content\/uploads\/2024\/09\/screening.jpeg\",\"contentUrl\":\"https:\/\/info.sociescuela.es\/wp-content\/uploads\/2024\/09\/screening.jpeg\",\"width\":1024,\"height\":1024},{\"@type\":\"BreadcrumbList\",\"@id\":\"https:\/\/info.sociescuela.es\/index.php\/screening-salud-mental\/#breadcrumb\",\"itemListElement\":[{\"@type\":\"ListItem\",\"position\":1,\"name\":\"Portada\",\"item\":\"https:\/\/info.sociescuela.es\/\"},{\"@type\":\"ListItem\",\"position\":2,\"name\":\"Screening Sociescuela\"}]},{\"@type\":\"WebSite\",\"@id\":\"https:\/\/info.sociescuela.es\/#website\",\"url\":\"https:\/\/info.sociescuela.es\/\",\"name\":\"SOCIESCUELA\",\"description\":\"\",\"publisher\":{\"@id\":\"https:\/\/info.sociescuela.es\/#organization\"},\"potentialAction\":[{\"@type\":\"SearchAction\",\"target\":{\"@type\":\"EntryPoint\",\"urlTemplate\":\"https:\/\/info.sociescuela.es\/?s={search_term_string}\"},\"query-input\":{\"@type\":\"PropertyValueSpecification\",\"valueRequired\":true,\"valueName\":\"search_term_string\"}}],\"inLanguage\":\"es\"},{\"@type\":\"Organization\",\"@id\":\"https:\/\/info.sociescuela.es\/#organization\",\"name\":\"SOCIESCUELA\",\"url\":\"https:\/\/info.sociescuela.es\/\",\"logo\":{\"@type\":\"ImageObject\",\"inLanguage\":\"es\",\"@id\":\"https:\/\/info.sociescuela.es\/#\/schema\/logo\/image\/\",\"url\":\"\",\"contentUrl\":\"\",\"caption\":\"SOCIESCUELA\"},\"image\":{\"@id\":\"https:\/\/info.sociescuela.es\/#\/schema\/logo\/image\/\"}}]}<\/script>\n<!-- \/ Yoast SEO plugin. -->","yoast_head_json":{"title":"Screening Sociescuela - SOCIESCUELA","description":"Test de screening salud mental Sociescuela. Eval\u00faa 4 grandes bloques internalizaci\u00f3n, externalizaci\u00f3n, nuevas tecnolog\u00edas y alimentaci\u00f3n.","robots":{"index":"index","follow":"follow","max-snippet":"max-snippet:-1","max-image-preview":"max-image-preview:large","max-video-preview":"max-video-preview:-1"},"canonical":"https:\/\/info.sociescuela.es\/index.php\/screening-salud-mental\/","og_locale":"es_ES","og_type":"article","og_title":"Screening Sociescuela - SOCIESCUELA","og_description":"Test de screening salud mental Sociescuela. Eval\u00faa 4 grandes bloques internalizaci\u00f3n, externalizaci\u00f3n, nuevas tecnolog\u00edas y alimentaci\u00f3n.","og_url":"https:\/\/info.sociescuela.es\/index.php\/screening-salud-mental\/","og_site_name":"SOCIESCUELA","article_modified_time":"2024-09-14T17:15:18+00:00","og_image":[{"width":1024,"height":1024,"url":"https:\/\/info.sociescuela.es\/wp-content\/uploads\/2024\/09\/screening.jpeg","type":"image\/jpeg"}],"twitter_card":"summary_large_image","twitter_misc":{"Tiempo de lectura":"2 minutos"},"schema":{"@context":"https:\/\/schema.org","@graph":[{"@type":"WebPage","@id":"https:\/\/info.sociescuela.es\/index.php\/screening-salud-mental\/","url":"https:\/\/info.sociescuela.es\/index.php\/screening-salud-mental\/","name":"Screening Sociescuela - SOCIESCUELA","isPartOf":{"@id":"https:\/\/info.sociescuela.es\/#website"},"primaryImageOfPage":{"@id":"https:\/\/info.sociescuela.es\/index.php\/screening-salud-mental\/#primaryimage"},"image":{"@id":"https:\/\/info.sociescuela.es\/index.php\/screening-salud-mental\/#primaryimage"},"thumbnailUrl":"https:\/\/info.sociescuela.es\/wp-content\/uploads\/2024\/09\/screening.jpeg","datePublished":"2024-09-02T15:48:04+00:00","dateModified":"2024-09-14T17:15:18+00:00","description":"Test de screening salud mental Sociescuela. Eval\u00faa 4 grandes bloques internalizaci\u00f3n, externalizaci\u00f3n, nuevas tecnolog\u00edas y alimentaci\u00f3n.","breadcrumb":{"@id":"https:\/\/info.sociescuela.es\/index.php\/screening-salud-mental\/#breadcrumb"},"inLanguage":"es","potentialAction":[{"@type":"ReadAction","target":["https:\/\/info.sociescuela.es\/index.php\/screening-salud-mental\/"]}]},{"@type":"ImageObject","inLanguage":"es","@id":"https:\/\/info.sociescuela.es\/index.php\/screening-salud-mental\/#primaryimage","url":"https:\/\/info.sociescuela.es\/wp-content\/uploads\/2024\/09\/screening.jpeg","contentUrl":"https:\/\/info.sociescuela.es\/wp-content\/uploads\/2024\/09\/screening.jpeg","width":1024,"height":1024},{"@type":"BreadcrumbList","@id":"https:\/\/info.sociescuela.es\/index.php\/screening-salud-mental\/#breadcrumb","itemListElement":[{"@type":"ListItem","position":1,"name":"Portada","item":"https:\/\/info.sociescuela.es\/"},{"@type":"ListItem","position":2,"name":"Screening Sociescuela"}]},{"@type":"WebSite","@id":"https:\/\/info.sociescuela.es\/#website","url":"https:\/\/info.sociescuela.es\/","name":"SOCIESCUELA","description":"","publisher":{"@id":"https:\/\/info.sociescuela.es\/#organization"},"potentialAction":[{"@type":"SearchAction","target":{"@type":"EntryPoint","urlTemplate":"https:\/\/info.sociescuela.es\/?s={search_term_string}"},"query-input":{"@type":"PropertyValueSpecification","valueRequired":true,"valueName":"search_term_string"}}],"inLanguage":"es"},{"@type":"Organization","@id":"https:\/\/info.sociescuela.es\/#organization","name":"SOCIESCUELA","url":"https:\/\/info.sociescuela.es\/","logo":{"@type":"ImageObject","inLanguage":"es","@id":"https:\/\/info.sociescuela.es\/#\/schema\/logo\/image\/","url":"","contentUrl":"","caption":"SOCIESCUELA"},"image":{"@id":"https:\/\/info.sociescuela.es\/#\/schema\/logo\/image\/"}}]}},"jetpack_sharing_enabled":true,"uagb_featured_image_src":{"full":["https:\/\/info.sociescuela.es\/wp-content\/uploads\/2024\/09\/screening.jpeg",1024,1024,false],"thumbnail":["https:\/\/info.sociescuela.es\/wp-content\/uploads\/2024\/09\/screening-150x150.jpeg",150,150,true],"medium":["https:\/\/info.sociescuela.es\/wp-content\/uploads\/2024\/09\/screening-300x300.jpeg",300,300,true],"medium_large":["https:\/\/info.sociescuela.es\/wp-content\/uploads\/2024\/09\/screening-768x768.jpeg",768,768,true],"large":["https:\/\/info.sociescuela.es\/wp-content\/uploads\/2024\/09\/screening.jpeg",1024,1024,false],"1536x1536":["https:\/\/info.sociescuela.es\/wp-content\/uploads\/2024\/09\/screening.jpeg",1024,1024,false],"2048x2048":["https:\/\/info.sociescuela.es\/wp-content\/uploads\/2024\/09\/screening.jpeg",1024,1024,false],"neve-blog":["https:\/\/info.sociescuela.es\/wp-content\/uploads\/2024\/09\/screening-930x620.jpeg",930,620,true]},"uagb_author_info":{"display_name":"Miguel A. Huete","author_link":"https:\/\/info.sociescuela.es\/index.php\/author\/mahuete\/"},"uagb_comment_info":0,"uagb_excerpt":"Dada la necesidades de la poblaci\u00f3n infanto-juvenil actuales, hemos desarrollado un cuestionario de Screening sobre salud mental. Dicho screening no constituye un test diagn\u00f3stico, sino una herramienta de apoyo a modo cribaje para detectar posibles situaciones de riesgo. Los resultados de esta herramienta permitir\u00edan realizar un chequeo sobre 16 factores de ajuste psicol\u00f3gico y facilitar&hellip;&nbsp;Leer&hellip;","_links":{"self":[{"href":"https:\/\/info.sociescuela.es\/index.php\/wp-json\/wp\/v2\/pages\/468","targetHints":{"allow":["GET"]}}],"collection":[{"href":"https:\/\/info.sociescuela.es\/index.php\/wp-json\/wp\/v2\/pages"}],"about":[{"href":"https:\/\/info.sociescuela.es\/index.php\/wp-json\/wp\/v2\/types\/page"}],"author":[{"embeddable":true,"href":"https:\/\/info.sociescuela.es\/index.php\/wp-json\/wp\/v2\/users\/3"}],"replies":[{"embeddable":true,"href":"https:\/\/info.sociescuela.es\/index.php\/wp-json\/wp\/v2\/comments?post=468"}],"version-history":[{"count":10,"href":"https:\/\/info.sociescuela.es\/index.php\/wp-json\/wp\/v2\/pages\/468\/revisions"}],"predecessor-version":[{"id":522,"href":"https:\/\/info.sociescuela.es\/index.php\/wp-json\/wp\/v2\/pages\/468\/revisions\/522"}],"wp:featuredmedia":[{"embeddable":true,"href":"https:\/\/info.sociescuela.es\/index.php\/wp-json\/wp\/v2\/media\/514"}],"wp:attachment":[{"href":"https:\/\/info.sociescuela.es\/index.php\/wp-json\/wp\/v2\/media?parent=468"}],"curies":[{"name":"wp","href":"https:\/\/api.w.org\/{rel}","templated":true}]}}