{"id":487,"date":"2024-09-04T16:17:02","date_gmt":"2024-09-04T16:17:02","guid":{"rendered":"https:\/\/info.sociescuela.es\/?page_id=487"},"modified":"2024-09-04T16:17:24","modified_gmt":"2024-09-04T16:17:24","slug":"preguntas-frecuentes-sociescuela","status":"publish","type":"page","link":"https:\/\/info.sociescuela.es\/index.php\/test-de-convivencia-escolar\/preguntas-frecuentes-sociescuela\/","title":{"rendered":"Preguntas frecuentes &#8211; Sociescuela"},"content":{"rendered":"\n<div id=\"wp-block-themeisle-blocks-accordion-ddf01fc7\" class=\"wp-block-themeisle-blocks-accordion exclusive\">\n<details class=\"wp-block-themeisle-blocks-accordion-item\"><summary class=\"wp-block-themeisle-blocks-accordion-item__title\"><div>\u00bfQu\u00e9 sucede con los datos recogidos?<\/div><\/summary><div class=\"wp-block-themeisle-blocks-accordion-item__content\">\n<p>Se trata de un marcador de posici\u00f3n del contenido de la pesta\u00f1a. Es importante tener la informaci\u00f3n necesaria en el bloque, pero en esta fase, es s\u00f3lo un marcador de posici\u00f3n para ayudarte a visualizar c\u00f3mo se muestra el contenido. Si\u00e9ntete libre de editarlo con tu contenido real.<\/p>\n<\/div><\/details>\n\n\n\n<details class=\"wp-block-themeisle-blocks-accordion-item\"><summary class=\"wp-block-themeisle-blocks-accordion-item__title\"><div>\u00bfPuedo saber los resultados de mi hijo?<\/div><\/summary><div class=\"wp-block-themeisle-blocks-accordion-item__content\">\n<p>Se trata de un marcador de posici\u00f3n del contenido de la pesta\u00f1a. Es importante tener la informaci\u00f3n necesaria en el bloque, pero en esta fase, es s\u00f3lo un marcador de posici\u00f3n para ayudarte a visualizar c\u00f3mo se muestra el contenido. Si\u00e9ntete libre de editarlo con tu contenido real.<\/p>\n<\/div><\/details>\n<\/div>\n","protected":false},"excerpt":{"rendered":"","protected":false},"author":3,"featured_media":0,"parent":413,"menu_order":0,"comment_status":"closed","ping_status":"closed","template":"","meta":{"_uag_custom_page_level_css":"","neve_meta_sidebar":"","neve_meta_container":"","neve_meta_enable_content_width":"","neve_meta_content_width":0,"neve_meta_title_alignment":"","neve_meta_author_avatar":"","neve_post_elements_order":"","neve_meta_disable_header":"","neve_meta_disable_footer":"","neve_meta_disable_title":"","_themeisle_gutenberg_block_has_review":false,"_ti_tpc_template_sync":false,"_ti_tpc_template_id":"","footnotes":""},"class_list":["post-487","page","type-page","status-publish","hentry"],"yoast_head":"<!-- This site is optimized with the Yoast SEO plugin v23.4 - https:\/\/yoast.com\/wordpress\/plugins\/seo\/ -->\n<title>Preguntas frecuentes - Sociescuela - SOCIESCUELA<\/title>\n<meta name=\"robots\" content=\"index, follow, max-snippet:-1, max-image-preview:large, max-video-preview:-1\" \/>\n<link rel=\"canonical\" href=\"https:\/\/info.sociescuela.es\/index.php\/test-de-convivencia-escolar\/preguntas-frecuentes-sociescuela\/\" \/>\n<meta property=\"og:locale\" content=\"es_ES\" \/>\n<meta property=\"og:type\" content=\"article\" \/>\n<meta property=\"og:title\" content=\"Preguntas frecuentes - Sociescuela - SOCIESCUELA\" \/>\n<meta property=\"og:url\" content=\"https:\/\/info.sociescuela.es\/index.php\/test-de-convivencia-escolar\/preguntas-frecuentes-sociescuela\/\" \/>\n<meta property=\"og:site_name\" content=\"SOCIESCUELA\" \/>\n<meta property=\"article:modified_time\" content=\"2024-09-04T16:17:24+00:00\" \/>\n<meta name=\"twitter:card\" content=\"summary_large_image\" \/>\n<meta name=\"twitter:label1\" content=\"Tiempo de lectura\" \/>\n\t<meta name=\"twitter:data1\" content=\"1 minuto\" \/>\n<script type=\"application\/ld+json\" class=\"yoast-schema-graph\">{\"@context\":\"https:\/\/schema.org\",\"@graph\":[{\"@type\":\"WebPage\",\"@id\":\"https:\/\/info.sociescuela.es\/index.php\/test-de-convivencia-escolar\/preguntas-frecuentes-sociescuela\/\",\"url\":\"https:\/\/info.sociescuela.es\/index.php\/test-de-convivencia-escolar\/preguntas-frecuentes-sociescuela\/\",\"name\":\"Preguntas frecuentes - Sociescuela - SOCIESCUELA\",\"isPartOf\":{\"@id\":\"https:\/\/info.sociescuela.es\/#website\"},\"datePublished\":\"2024-09-04T16:17:02+00:00\",\"dateModified\":\"2024-09-04T16:17:24+00:00\",\"breadcrumb\":{\"@id\":\"https:\/\/info.sociescuela.es\/index.php\/test-de-convivencia-escolar\/preguntas-frecuentes-sociescuela\/#breadcrumb\"},\"inLanguage\":\"es\",\"potentialAction\":[{\"@type\":\"ReadAction\",\"target\":[\"https:\/\/info.sociescuela.es\/index.php\/test-de-convivencia-escolar\/preguntas-frecuentes-sociescuela\/\"]}]},{\"@type\":\"BreadcrumbList\",\"@id\":\"https:\/\/info.sociescuela.es\/index.php\/test-de-convivencia-escolar\/preguntas-frecuentes-sociescuela\/#breadcrumb\",\"itemListElement\":[{\"@type\":\"ListItem\",\"position\":1,\"name\":\"Portada\",\"item\":\"https:\/\/info.sociescuela.es\/\"},{\"@type\":\"ListItem\",\"position\":2,\"name\":\"Sociescuela\",\"item\":\"https:\/\/info.sociescuela.es\/index.php\/test-de-convivencia-escolar\/\"},{\"@type\":\"ListItem\",\"position\":3,\"name\":\"Preguntas frecuentes &#8211; Sociescuela\"}]},{\"@type\":\"WebSite\",\"@id\":\"https:\/\/info.sociescuela.es\/#website\",\"url\":\"https:\/\/info.sociescuela.es\/\",\"name\":\"SOCIESCUELA\",\"description\":\"\",\"publisher\":{\"@id\":\"https:\/\/info.sociescuela.es\/#organization\"},\"potentialAction\":[{\"@type\":\"SearchAction\",\"target\":{\"@type\":\"EntryPoint\",\"urlTemplate\":\"https:\/\/info.sociescuela.es\/?s={search_term_string}\"},\"query-input\":{\"@type\":\"PropertyValueSpecification\",\"valueRequired\":true,\"valueName\":\"search_term_string\"}}],\"inLanguage\":\"es\"},{\"@type\":\"Organization\",\"@id\":\"https:\/\/info.sociescuela.es\/#organization\",\"name\":\"SOCIESCUELA\",\"url\":\"https:\/\/info.sociescuela.es\/\",\"logo\":{\"@type\":\"ImageObject\",\"inLanguage\":\"es\",\"@id\":\"https:\/\/info.sociescuela.es\/#\/schema\/logo\/image\/\",\"url\":\"\",\"contentUrl\":\"\",\"caption\":\"SOCIESCUELA\"},\"image\":{\"@id\":\"https:\/\/info.sociescuela.es\/#\/schema\/logo\/image\/\"}}]}<\/script>\n<!-- \/ Yoast SEO plugin. -->","yoast_head_json":{"title":"Preguntas frecuentes - Sociescuela - SOCIESCUELA","robots":{"index":"index","follow":"follow","max-snippet":"max-snippet:-1","max-image-preview":"max-image-preview:large","max-video-preview":"max-video-preview:-1"},"canonical":"https:\/\/info.sociescuela.es\/index.php\/test-de-convivencia-escolar\/preguntas-frecuentes-sociescuela\/","og_locale":"es_ES","og_type":"article","og_title":"Preguntas frecuentes - Sociescuela - SOCIESCUELA","og_url":"https:\/\/info.sociescuela.es\/index.php\/test-de-convivencia-escolar\/preguntas-frecuentes-sociescuela\/","og_site_name":"SOCIESCUELA","article_modified_time":"2024-09-04T16:17:24+00:00","twitter_card":"summary_large_image","twitter_misc":{"Tiempo de lectura":"1 minuto"},"schema":{"@context":"https:\/\/schema.org","@graph":[{"@type":"WebPage","@id":"https:\/\/info.sociescuela.es\/index.php\/test-de-convivencia-escolar\/preguntas-frecuentes-sociescuela\/","url":"https:\/\/info.sociescuela.es\/index.php\/test-de-convivencia-escolar\/preguntas-frecuentes-sociescuela\/","name":"Preguntas frecuentes - Sociescuela - SOCIESCUELA","isPartOf":{"@id":"https:\/\/info.sociescuela.es\/#website"},"datePublished":"2024-09-04T16:17:02+00:00","dateModified":"2024-09-04T16:17:24+00:00","breadcrumb":{"@id":"https:\/\/info.sociescuela.es\/index.php\/test-de-convivencia-escolar\/preguntas-frecuentes-sociescuela\/#breadcrumb"},"inLanguage":"es","potentialAction":[{"@type":"ReadAction","target":["https:\/\/info.sociescuela.es\/index.php\/test-de-convivencia-escolar\/preguntas-frecuentes-sociescuela\/"]}]},{"@type":"BreadcrumbList","@id":"https:\/\/info.sociescuela.es\/index.php\/test-de-convivencia-escolar\/preguntas-frecuentes-sociescuela\/#breadcrumb","itemListElement":[{"@type":"ListItem","position":1,"name":"Portada","item":"https:\/\/info.sociescuela.es\/"},{"@type":"ListItem","position":2,"name":"Sociescuela","item":"https:\/\/info.sociescuela.es\/index.php\/test-de-convivencia-escolar\/"},{"@type":"ListItem","position":3,"name":"Preguntas frecuentes &#8211; Sociescuela"}]},{"@type":"WebSite","@id":"https:\/\/info.sociescuela.es\/#website","url":"https:\/\/info.sociescuela.es\/","name":"SOCIESCUELA","description":"","publisher":{"@id":"https:\/\/info.sociescuela.es\/#organization"},"potentialAction":[{"@type":"SearchAction","target":{"@type":"EntryPoint","urlTemplate":"https:\/\/info.sociescuela.es\/?s={search_term_string}"},"query-input":{"@type":"PropertyValueSpecification","valueRequired":true,"valueName":"search_term_string"}}],"inLanguage":"es"},{"@type":"Organization","@id":"https:\/\/info.sociescuela.es\/#organization","name":"SOCIESCUELA","url":"https:\/\/info.sociescuela.es\/","logo":{"@type":"ImageObject","inLanguage":"es","@id":"https:\/\/info.sociescuela.es\/#\/schema\/logo\/image\/","url":"","contentUrl":"","caption":"SOCIESCUELA"},"image":{"@id":"https:\/\/info.sociescuela.es\/#\/schema\/logo\/image\/"}}]}},"jetpack_sharing_enabled":true,"uagb_featured_image_src":{"full":false,"thumbnail":false,"medium":false,"medium_large":false,"large":false,"1536x1536":false,"2048x2048":false,"neve-blog":false},"uagb_author_info":{"display_name":"Miguel A. Huete","author_link":"https:\/\/info.sociescuela.es\/index.php\/author\/mahuete\/"},"uagb_comment_info":0,"uagb_excerpt":null,"_links":{"self":[{"href":"https:\/\/info.sociescuela.es\/index.php\/wp-json\/wp\/v2\/pages\/487","targetHints":{"allow":["GET"]}}],"collection":[{"href":"https:\/\/info.sociescuela.es\/index.php\/wp-json\/wp\/v2\/pages"}],"about":[{"href":"https:\/\/info.sociescuela.es\/index.php\/wp-json\/wp\/v2\/types\/page"}],"author":[{"embeddable":true,"href":"https:\/\/info.sociescuela.es\/index.php\/wp-json\/wp\/v2\/users\/3"}],"replies":[{"embeddable":true,"href":"https:\/\/info.sociescuela.es\/index.php\/wp-json\/wp\/v2\/comments?post=487"}],"version-history":[{"count":1,"href":"https:\/\/info.sociescuela.es\/index.php\/wp-json\/wp\/v2\/pages\/487\/revisions"}],"predecessor-version":[{"id":488,"href":"https:\/\/info.sociescuela.es\/index.php\/wp-json\/wp\/v2\/pages\/487\/revisions\/488"}],"up":[{"embeddable":true,"href":"https:\/\/info.sociescuela.es\/index.php\/wp-json\/wp\/v2\/pages\/413"}],"wp:attachment":[{"href":"https:\/\/info.sociescuela.es\/index.php\/wp-json\/wp\/v2\/media?parent=487"}],"curies":[{"name":"wp","href":"https:\/\/api.w.org\/{rel}","templated":true}]}}