{"id":552,"date":"2024-09-19T10:56:09","date_gmt":"2024-09-19T10:56:09","guid":{"rendered":"https:\/\/info.sociescuela.es\/?page_id=552"},"modified":"2024-09-19T11:03:06","modified_gmt":"2024-09-19T11:03:06","slug":"sociescuela-publicaciones","status":"publish","type":"page","link":"https:\/\/info.sociescuela.es\/index.php\/test-de-convivencia-escolar\/sociescuela-publicaciones\/","title":{"rendered":"Sociescuela &#8211; Publicaciones"},"content":{"rendered":"\n<p>La evidencia cient\u00edfica es uno de los pilares en los que se sostiene todas las herramientas que ponemos a disposici\u00f3n del centros educativos desde Sociescuela. A continuaci\u00f3n ponemos a si disposici\u00f3n los art\u00edculos, publicaciones cient\u00edficas e informes generados utilizando Sociescuela:<\/p>\n\n\n\n<ul class=\"wp-block-list\">\n<li>Arango, Celso &amp; Mart\u00edn Babarro, Javier &amp; Abreg\u00fa Crespo, Renzo &amp; Huete-Diego, Miguel &amp; Alvari\u00f1o-Piqueras, Mar\u00eda &amp; Marug\u00e1n, Isabel &amp; D\u00edaz-Caneja, Covadonga. (2024). <a href=\"https:\/\/www.thelancet.com\/journals\/eclinm\/article\/PIIS2589-5370(24)00006-3\/fulltext\">A web-enabled, school-based intervention for bullying prevention (LINKlusive): a cluster randomised trial<\/a>. eClinicalMedicine. 68. 102427. 10.1016\/j.eclinm.2024.102427.<\/li>\n\n\n\n<li>D\u00edaz-Caneja CM, Mart\u00edn-Babarro J, Abreg\u00fa-Crespo R, Huete-Diego M\u00c1, Gim\u00e9nez-Das\u00ed M, Serrano-Marug\u00e1n I and Arango C (2021) <a href=\"https:\/\/www.frontiersin.org\/journals\/pediatrics\/articles\/10.3389\/fped.2021.628984\/full\">Efficacy of a Web-Enabled, School-Based, Preventative Intervention to Reduce Bullying and Improve Mental Health in Children and Adolescents: Study Protocol for a Cluster Randomized Controlled Trial<\/a>. Front. Pediatr. 9:628984. doi: 10.3389\/fped.2021.628984<\/li>\n<\/ul>\n\n\n<div class=\"wp-block-image\">\n<figure class=\"aligncenter size-full\"><img loading=\"lazy\" decoding=\"async\" width=\"1024\" height=\"1024\" src=\"https:\/\/info.sociescuela.es\/wp-content\/uploads\/2024\/09\/image-1.png\" alt=\"Dibujo de un cient\u00edfico leyendo un peri\u00f3dico, reclinado en una silla en su despacho\" class=\"wp-image-553\" srcset=\"https:\/\/info.sociescuela.es\/wp-content\/uploads\/2024\/09\/image-1.png 1024w, https:\/\/info.sociescuela.es\/wp-content\/uploads\/2024\/09\/image-1-300x300.png 300w, https:\/\/info.sociescuela.es\/wp-content\/uploads\/2024\/09\/image-1-150x150.png 150w, https:\/\/info.sociescuela.es\/wp-content\/uploads\/2024\/09\/image-1-768x768.png 768w\" sizes=\"auto, (max-width: 1024px) 100vw, 1024px\" \/><\/figure>\n<\/div>","protected":false},"excerpt":{"rendered":"<p>La evidencia cient\u00edfica es uno de los pilares en los que se sostiene todas las herramientas que ponemos a disposici\u00f3n del centros educativos desde Sociescuela. A continuaci\u00f3n ponemos a si disposici\u00f3n los art\u00edculos, publicaciones cient\u00edficas e informes generados utilizando Sociescuela:<\/p>\n","protected":false},"author":3,"featured_media":0,"parent":413,"menu_order":0,"comment_status":"closed","ping_status":"closed","template":"","meta":{"_uag_custom_page_level_css":"","neve_meta_sidebar":"","neve_meta_container":"","neve_meta_enable_content_width":"","neve_meta_content_width":0,"neve_meta_title_alignment":"","neve_meta_author_avatar":"","neve_post_elements_order":"","neve_meta_disable_header":"","neve_meta_disable_footer":"","neve_meta_disable_title":"","_themeisle_gutenberg_block_has_review":false,"_ti_tpc_template_sync":false,"_ti_tpc_template_id":"","footnotes":""},"class_list":["post-552","page","type-page","status-publish","hentry"],"yoast_head":"<!-- This site is optimized with the Yoast SEO plugin v23.4 - https:\/\/yoast.com\/wordpress\/plugins\/seo\/ -->\n<title>Sociescuela - Publicaciones - SOCIESCUELA<\/title>\n<meta name=\"robots\" content=\"index, follow, max-snippet:-1, max-image-preview:large, max-video-preview:-1\" \/>\n<link rel=\"canonical\" href=\"https:\/\/info.sociescuela.es\/index.php\/test-de-convivencia-escolar\/sociescuela-publicaciones\/\" \/>\n<meta property=\"og:locale\" content=\"es_ES\" \/>\n<meta property=\"og:type\" content=\"article\" \/>\n<meta property=\"og:title\" content=\"Sociescuela - Publicaciones - SOCIESCUELA\" \/>\n<meta property=\"og:description\" content=\"La evidencia cient\u00edfica es uno de los pilares en los que se sostiene todas las herramientas que ponemos a disposici\u00f3n del centros educativos desde Sociescuela. A continuaci\u00f3n ponemos a si disposici\u00f3n los art\u00edculos, publicaciones cient\u00edficas e informes generados utilizando Sociescuela:\" \/>\n<meta property=\"og:url\" content=\"https:\/\/info.sociescuela.es\/index.php\/test-de-convivencia-escolar\/sociescuela-publicaciones\/\" \/>\n<meta property=\"og:site_name\" content=\"SOCIESCUELA\" \/>\n<meta property=\"article:modified_time\" content=\"2024-09-19T11:03:06+00:00\" \/>\n<meta property=\"og:image\" content=\"https:\/\/info.sociescuela.es\/wp-content\/uploads\/2024\/09\/image-1.png\" \/>\n<meta name=\"twitter:card\" content=\"summary_large_image\" \/>\n<meta name=\"twitter:label1\" content=\"Tiempo de lectura\" \/>\n\t<meta name=\"twitter:data1\" content=\"1 minuto\" \/>\n<script type=\"application\/ld+json\" class=\"yoast-schema-graph\">{\"@context\":\"https:\/\/schema.org\",\"@graph\":[{\"@type\":\"WebPage\",\"@id\":\"https:\/\/info.sociescuela.es\/index.php\/test-de-convivencia-escolar\/sociescuela-publicaciones\/\",\"url\":\"https:\/\/info.sociescuela.es\/index.php\/test-de-convivencia-escolar\/sociescuela-publicaciones\/\",\"name\":\"Sociescuela - Publicaciones - SOCIESCUELA\",\"isPartOf\":{\"@id\":\"https:\/\/info.sociescuela.es\/#website\"},\"primaryImageOfPage\":{\"@id\":\"https:\/\/info.sociescuela.es\/index.php\/test-de-convivencia-escolar\/sociescuela-publicaciones\/#primaryimage\"},\"image\":{\"@id\":\"https:\/\/info.sociescuela.es\/index.php\/test-de-convivencia-escolar\/sociescuela-publicaciones\/#primaryimage\"},\"thumbnailUrl\":\"https:\/\/info.sociescuela.es\/wp-content\/uploads\/2024\/09\/image-1.png\",\"datePublished\":\"2024-09-19T10:56:09+00:00\",\"dateModified\":\"2024-09-19T11:03:06+00:00\",\"breadcrumb\":{\"@id\":\"https:\/\/info.sociescuela.es\/index.php\/test-de-convivencia-escolar\/sociescuela-publicaciones\/#breadcrumb\"},\"inLanguage\":\"es\",\"potentialAction\":[{\"@type\":\"ReadAction\",\"target\":[\"https:\/\/info.sociescuela.es\/index.php\/test-de-convivencia-escolar\/sociescuela-publicaciones\/\"]}]},{\"@type\":\"ImageObject\",\"inLanguage\":\"es\",\"@id\":\"https:\/\/info.sociescuela.es\/index.php\/test-de-convivencia-escolar\/sociescuela-publicaciones\/#primaryimage\",\"url\":\"https:\/\/info.sociescuela.es\/wp-content\/uploads\/2024\/09\/image-1.png\",\"contentUrl\":\"https:\/\/info.sociescuela.es\/wp-content\/uploads\/2024\/09\/image-1.png\",\"width\":1024,\"height\":1024},{\"@type\":\"BreadcrumbList\",\"@id\":\"https:\/\/info.sociescuela.es\/index.php\/test-de-convivencia-escolar\/sociescuela-publicaciones\/#breadcrumb\",\"itemListElement\":[{\"@type\":\"ListItem\",\"position\":1,\"name\":\"Portada\",\"item\":\"https:\/\/info.sociescuela.es\/\"},{\"@type\":\"ListItem\",\"position\":2,\"name\":\"Sociescuela\",\"item\":\"https:\/\/info.sociescuela.es\/index.php\/test-de-convivencia-escolar\/\"},{\"@type\":\"ListItem\",\"position\":3,\"name\":\"Sociescuela &#8211; Publicaciones\"}]},{\"@type\":\"WebSite\",\"@id\":\"https:\/\/info.sociescuela.es\/#website\",\"url\":\"https:\/\/info.sociescuela.es\/\",\"name\":\"SOCIESCUELA\",\"description\":\"\",\"publisher\":{\"@id\":\"https:\/\/info.sociescuela.es\/#organization\"},\"potentialAction\":[{\"@type\":\"SearchAction\",\"target\":{\"@type\":\"EntryPoint\",\"urlTemplate\":\"https:\/\/info.sociescuela.es\/?s={search_term_string}\"},\"query-input\":{\"@type\":\"PropertyValueSpecification\",\"valueRequired\":true,\"valueName\":\"search_term_string\"}}],\"inLanguage\":\"es\"},{\"@type\":\"Organization\",\"@id\":\"https:\/\/info.sociescuela.es\/#organization\",\"name\":\"SOCIESCUELA\",\"url\":\"https:\/\/info.sociescuela.es\/\",\"logo\":{\"@type\":\"ImageObject\",\"inLanguage\":\"es\",\"@id\":\"https:\/\/info.sociescuela.es\/#\/schema\/logo\/image\/\",\"url\":\"\",\"contentUrl\":\"\",\"caption\":\"SOCIESCUELA\"},\"image\":{\"@id\":\"https:\/\/info.sociescuela.es\/#\/schema\/logo\/image\/\"}}]}<\/script>\n<!-- \/ Yoast SEO plugin. -->","yoast_head_json":{"title":"Sociescuela - Publicaciones - SOCIESCUELA","robots":{"index":"index","follow":"follow","max-snippet":"max-snippet:-1","max-image-preview":"max-image-preview:large","max-video-preview":"max-video-preview:-1"},"canonical":"https:\/\/info.sociescuela.es\/index.php\/test-de-convivencia-escolar\/sociescuela-publicaciones\/","og_locale":"es_ES","og_type":"article","og_title":"Sociescuela - Publicaciones - SOCIESCUELA","og_description":"La evidencia cient\u00edfica es uno de los pilares en los que se sostiene todas las herramientas que ponemos a disposici\u00f3n del centros educativos desde Sociescuela. A continuaci\u00f3n ponemos a si disposici\u00f3n los art\u00edculos, publicaciones cient\u00edficas e informes generados utilizando Sociescuela:","og_url":"https:\/\/info.sociescuela.es\/index.php\/test-de-convivencia-escolar\/sociescuela-publicaciones\/","og_site_name":"SOCIESCUELA","article_modified_time":"2024-09-19T11:03:06+00:00","og_image":[{"url":"https:\/\/info.sociescuela.es\/wp-content\/uploads\/2024\/09\/image-1.png"}],"twitter_card":"summary_large_image","twitter_misc":{"Tiempo de lectura":"1 minuto"},"schema":{"@context":"https:\/\/schema.org","@graph":[{"@type":"WebPage","@id":"https:\/\/info.sociescuela.es\/index.php\/test-de-convivencia-escolar\/sociescuela-publicaciones\/","url":"https:\/\/info.sociescuela.es\/index.php\/test-de-convivencia-escolar\/sociescuela-publicaciones\/","name":"Sociescuela - Publicaciones - SOCIESCUELA","isPartOf":{"@id":"https:\/\/info.sociescuela.es\/#website"},"primaryImageOfPage":{"@id":"https:\/\/info.sociescuela.es\/index.php\/test-de-convivencia-escolar\/sociescuela-publicaciones\/#primaryimage"},"image":{"@id":"https:\/\/info.sociescuela.es\/index.php\/test-de-convivencia-escolar\/sociescuela-publicaciones\/#primaryimage"},"thumbnailUrl":"https:\/\/info.sociescuela.es\/wp-content\/uploads\/2024\/09\/image-1.png","datePublished":"2024-09-19T10:56:09+00:00","dateModified":"2024-09-19T11:03:06+00:00","breadcrumb":{"@id":"https:\/\/info.sociescuela.es\/index.php\/test-de-convivencia-escolar\/sociescuela-publicaciones\/#breadcrumb"},"inLanguage":"es","potentialAction":[{"@type":"ReadAction","target":["https:\/\/info.sociescuela.es\/index.php\/test-de-convivencia-escolar\/sociescuela-publicaciones\/"]}]},{"@type":"ImageObject","inLanguage":"es","@id":"https:\/\/info.sociescuela.es\/index.php\/test-de-convivencia-escolar\/sociescuela-publicaciones\/#primaryimage","url":"https:\/\/info.sociescuela.es\/wp-content\/uploads\/2024\/09\/image-1.png","contentUrl":"https:\/\/info.sociescuela.es\/wp-content\/uploads\/2024\/09\/image-1.png","width":1024,"height":1024},{"@type":"BreadcrumbList","@id":"https:\/\/info.sociescuela.es\/index.php\/test-de-convivencia-escolar\/sociescuela-publicaciones\/#breadcrumb","itemListElement":[{"@type":"ListItem","position":1,"name":"Portada","item":"https:\/\/info.sociescuela.es\/"},{"@type":"ListItem","position":2,"name":"Sociescuela","item":"https:\/\/info.sociescuela.es\/index.php\/test-de-convivencia-escolar\/"},{"@type":"ListItem","position":3,"name":"Sociescuela &#8211; Publicaciones"}]},{"@type":"WebSite","@id":"https:\/\/info.sociescuela.es\/#website","url":"https:\/\/info.sociescuela.es\/","name":"SOCIESCUELA","description":"","publisher":{"@id":"https:\/\/info.sociescuela.es\/#organization"},"potentialAction":[{"@type":"SearchAction","target":{"@type":"EntryPoint","urlTemplate":"https:\/\/info.sociescuela.es\/?s={search_term_string}"},"query-input":{"@type":"PropertyValueSpecification","valueRequired":true,"valueName":"search_term_string"}}],"inLanguage":"es"},{"@type":"Organization","@id":"https:\/\/info.sociescuela.es\/#organization","name":"SOCIESCUELA","url":"https:\/\/info.sociescuela.es\/","logo":{"@type":"ImageObject","inLanguage":"es","@id":"https:\/\/info.sociescuela.es\/#\/schema\/logo\/image\/","url":"","contentUrl":"","caption":"SOCIESCUELA"},"image":{"@id":"https:\/\/info.sociescuela.es\/#\/schema\/logo\/image\/"}}]}},"jetpack_sharing_enabled":true,"uagb_featured_image_src":{"full":false,"thumbnail":false,"medium":false,"medium_large":false,"large":false,"1536x1536":false,"2048x2048":false,"neve-blog":false},"uagb_author_info":{"display_name":"Miguel A. Huete","author_link":"https:\/\/info.sociescuela.es\/index.php\/author\/mahuete\/"},"uagb_comment_info":0,"uagb_excerpt":"La evidencia cient\u00edfica es uno de los pilares en los que se sostiene todas las herramientas que ponemos a disposici\u00f3n del centros educativos desde Sociescuela. A continuaci\u00f3n ponemos a si disposici\u00f3n los art\u00edculos, publicaciones cient\u00edficas e informes generados utilizando Sociescuela:","_links":{"self":[{"href":"https:\/\/info.sociescuela.es\/index.php\/wp-json\/wp\/v2\/pages\/552","targetHints":{"allow":["GET"]}}],"collection":[{"href":"https:\/\/info.sociescuela.es\/index.php\/wp-json\/wp\/v2\/pages"}],"about":[{"href":"https:\/\/info.sociescuela.es\/index.php\/wp-json\/wp\/v2\/types\/page"}],"author":[{"embeddable":true,"href":"https:\/\/info.sociescuela.es\/index.php\/wp-json\/wp\/v2\/users\/3"}],"replies":[{"embeddable":true,"href":"https:\/\/info.sociescuela.es\/index.php\/wp-json\/wp\/v2\/comments?post=552"}],"version-history":[{"count":4,"href":"https:\/\/info.sociescuela.es\/index.php\/wp-json\/wp\/v2\/pages\/552\/revisions"}],"predecessor-version":[{"id":559,"href":"https:\/\/info.sociescuela.es\/index.php\/wp-json\/wp\/v2\/pages\/552\/revisions\/559"}],"up":[{"embeddable":true,"href":"https:\/\/info.sociescuela.es\/index.php\/wp-json\/wp\/v2\/pages\/413"}],"wp:attachment":[{"href":"https:\/\/info.sociescuela.es\/index.php\/wp-json\/wp\/v2\/media?parent=552"}],"curies":[{"name":"wp","href":"https:\/\/api.w.org\/{rel}","templated":true}]}}